{"id":2981,"date":"2021-09-17T12:35:47","date_gmt":"2021-09-17T12:35:47","guid":{"rendered":"https:\/\/dobriduh.hr\/projects\/"},"modified":"2026-02-03T13:21:33","modified_gmt":"2026-02-03T13:21:33","slug":"projects","status":"publish","type":"page","link":"https:\/\/dobriduh.hr\/en\/projects\/","title":{"rendered":"Projects"},"content":{"rendered":"<p>[vc_row cth_layout=&#8221;balkon_head_sec&#8221; parallax_inner_pos=&#8221;cover&#8221; overlay_color=&#8221;#ffffff&#8221; parallax_inner_val=&#8221;translateY: &#8216;200px'&#8221; parallax_inner=&#8221;1969&#8243; el_id=&#8221;sec1&#8243;][vc_column][balkon_head_title title_text=&#8221;Projects&#8221; subtitle_text=&#8221;Anything you can imagine&#8221; scroll_icon=&#8221;&#8221;]The projects we create are oriented towards private or public green areas and other open spaces.[\/balkon_head_title][\/vc_column][\/vc_row][vc_row cth_layout=&#8221;balkon_page_sec&#8221; use_particle=&#8221;yes&#8221; particle_count=&#8221;200&#8243; particle_color=&#8221;#cccccc&#8221;][vc_column][vc_row_inner el_id=&#8221;sec2&#8243;][vc_column_inner offset=&#8221;vc_col-md-4&#8243;][balkon_section_title title_text=&#8221;Private gardens&#8221; subtitle_text=&#8221;A GARDEN IS A PROCESS, A PHILOSOPHY, A CHURCH, A PLACE FOR MEDITATION, A TEXTBOOK OF NATURAL PROCESSES AND BIODIVERSITY AND THE SYNERGY OF PLANTS, ANIMALS AND HUMANS.&#8221;][\/balkon_section_title][\/vc_column_inner][vc_column_inner offset=&#8221;vc_col-md-8&#8243;][balkon_slider slideimages=&#8221;2075,2070,2071,2073,2074,2068,2069,2066,2067&#8243; effect=&#8221;fade&#8221; autoplay=&#8221;2000&#8243;][vc_empty_space height=&#8221;35px&#8221;][balkon_service ser_title=&#8221;WE DESIGN CREATIVE SOLUTIONS FOR LARGER AND SMALLER GARDENS FOR YOU.&#8221; ser_price=&#8221;&#8221;]We design creative solutions for larger and smaller gardens for you. Each of our projects begins with a visit to the location and an assessment of the space, as well as a conversation with the client, where we gain insight into their wishes and needs. We then translate all of this onto paper in the form of an expanded conceptual design prepared for implementation or projects of other levels. After the client confirms the solution, we also suggest proven contractors with whom we cooperate.[\/balkon_service][\/vc_column_inner][\/vc_row_inner][vc_row_inner el_id=&#8221;sec4&#8243;][vc_column_inner offset=&#8221;vc_col-md-4&#8243;][balkon_section_title title_text=&#8221;Balconies and terraces&#8221; subtitle_text=&#8221;WHEN WE LOOK AT A LARGER SCALE, IN ADDITION TO LANDSCAPING, WE ALSO CREATE IDEAS FOR DESIGNING AND PERFORMING (CONSTRUCTION WORK) OF ROOF GARDENS, TERRACES AND BALCONIES. WITH VARIOUS ECOLOGICAL BENEFITS, THEY CAN STIMULATE BIODIVERSITY AND PROVIDE ADDITIONAL COMFORT TO YOUR STAY.&#8221;][\/balkon_section_title][\/vc_column_inner][vc_column_inner offset=&#8221;vc_col-md-8&#8243;][balkon_slider slideimages=&#8221;2029,2030,2031,2032,2033&#8243; effect=&#8221;fade&#8221; autoplay=&#8221;2000&#8243;][vc_empty_space height=&#8221;35px&#8221;][balkon_service ser_title=&#8221;SOMETIMES LESS CAN BE MORE&#8230;&#8221; ser_price=&#8221;&#8221;]Don&#8217;t be discouraged by the lack of square footage of outdoor space, because plants can surprise.[\/balkon_service][\/vc_column_inner][\/vc_row_inner][vc_row_inner el_id=&#8221;sec5&#8243;][vc_column_inner offset=&#8221;vc_col-md-4&#8243;][balkon_section_title title_text=&#8221;Environment of business facilities&#8221; subtitle_text=&#8221;SOMEONE WISE SAID THAT PLANTS HAVE A POSITIVE EFFECT ON WORK ABILITY AND INCREASE EMPLOYEE SATISFACTION. FOR LONG-TERM WORK IN OFFICES AND AT THE COMPUTER, THE LANDSCAPE DESIGN OF SPACE AROUND THE BUSINESS BUILDING \/ BUSINESS PARK IS MORE THAN STIMULATING.&#8221;][\/balkon_section_title][\/vc_column_inner][vc_column_inner offset=&#8221;vc_col-md-8&#8243;][balkon_slider slideimages=&#8221;2060,2054,2055,2062,2056,2057&#8243; effect=&#8221;fade&#8221; autoplay=&#8221;2000&#8243;][vc_empty_space height=&#8221;35px&#8221;][balkon_service ser_title=&#8221;FOR LONG-TERM WORK IN OFFICES AND AT THE COMPUTER, THE LANDSCAPE DESIGN OF SPACE AROUND THE BUSINESS BUILDING \/ BUSINESS PARK IS MORE THAN STIMULATING.&#8221; ser_price=&#8221;&#8221;]It is very important to make such a space accessible for living, relaxation, socialization, and even for working outdoors &#8211; connecting with nature and plants.[\/balkon_service][\/vc_column_inner][\/vc_row_inner][vc_row_inner disable_element=&#8221;yes&#8221; el_id=&#8221;sec6&#8243;][vc_column_inner offset=&#8221;vc_col-md-4&#8243;][balkon_section_title title_text=&#8221;Turisti\u010dko rekreacijski sadr\u017eaj&#8221; subtitle_text=&#8221;Stvaramo prostore namijenjene djeci, odraslima, osobama starije \u017eivotne dobi, a vodimo brigu i o potrebama osoba s invaliditetom i\/ili sa posebnim potrebama, gdje korisnici uz rekreaciju i relaksaciju mogu ne\u0161to novo i nau\u010diti.&#8221;][\/balkon_section_title][\/vc_column_inner][vc_column_inner offset=&#8221;vc_col-md-8&#8243;][balkon_slider slideimages=&#8221;&#8221; effect=&#8221;fade&#8221; autoplay=&#8221;2000&#8243;][vc_empty_space height=&#8221;35px&#8221;][balkon_service ser_title=&#8221;Ljubitelji smo aktivnosti na otvorenom.&#8221; ser_price=&#8221;&#8221;]<\/p>\n<p style=\"font-weight: 400;\">We design educational &#8211; themed trails and walkways, children&#8217;s playgrounds, outdoor exercise areas and all other related content&#8230; What&#8217;s better than learning from nature?<\/p>\n<p>[\/balkon_service][\/vc_column_inner][\/vc_row_inner][vc_row_inner][vc_column_inner offset=&#8221;vc_col-md-4&#8243;][balkon_section_title title_text=&#8221;Edible landscapes&#8221; subtitle_text=&#8221;WE BELIEVE THAT FOOD WITHOUT PREJUDICE SHOULD BE MORE AVAILABLE, AND THE TIME IS COMING WHEN IT WILL BE ABSOLUTELY NECESSARY FOR THE SURVIVAL OF PEOPLE, AS WELL AS ANIMALS.&#8221;][\/balkon_section_title][\/vc_column_inner][vc_column_inner offset=&#8221;vc_col-md-8&#8243;][balkon_slider slideimages=&#8221;2023,2024,2022,2025,2026,2027&#8243; effect=&#8221;fade&#8221; autoplay=&#8221;2000&#8243;][vc_empty_space height=&#8221;35px&#8221;][balkon_service ser_title=&#8221;EDIBLE LANDSCAPES INCLUDE ANY RURAL AND URBAN, PRIVATE AND PUBLIC (COMMON) SPACE, WHICH CONTAINS EXCLUSIVELY EDIBLE PLANTS OR A COMBINATION OF EDIBLE AND ORNAMENTAL PLANTS AND MUSHROOMS.&#8221; ser_price=&#8221;&#8221;]Our efforts are also rooted in caring for the earth and all living things, as well as understanding the growing need to grow our own food. Guided by the principles of permaculture and regenerative agriculture as a broader concept, we design permaculture farms by involving other experts, as well as setting up vegetable gardens in gardens, on terraces and balconies. Our vision is also to green gray roofs at the city \/ municipal level by establishing vegetable gardens, urban beehives and similar &#8220;contents&#8221;.<\/p>\n<p>We strive to combine the cultivation of vegetables, berries and fruit trees with ornamental plants and their implementation in modern architecture. We strive to eliminate prejudices that utilitarian is not aesthetically acceptable, that is, that it is not urban enough and that it cannot fit into modern architecture. This gives rise to the desire to devote more attention to education and raising awareness of people about the importance of the \u2018man-garden\u2019 interaction, in terms of growing your own food and other benefits, such as spending more time in the fresh air and open spaces, recreation, developing creativity, developing care for other living beings and similar activities.[\/balkon_service][\/vc_column_inner][\/vc_row_inner][vc_row_inner][vc_column_inner offset=&#8221;vc_col-md-offset-4 vc_col-md-5&#8243;][vc_column_text el_class=&#8221;order-item&#8221;]<\/p>\n<h3>Ready to order a project?<\/h3>\n<p>[\/vc_column_text][\/vc_column_inner][vc_column_inner offset=&#8221;vc_col-md-3&#8243;][balkon_button title=&#8221;Contact us&#8221; link=&#8221;url:https%3A%2F%2Fdobriduh.hr%2Fen%2Fcontact%2F&#8221;][\/vc_column_inner][\/vc_row_inner][\/vc_column][\/vc_row]<\/p>\n","protected":false},"excerpt":{"rendered":"<p>[vc_row cth_layout=&#8221;balkon_head_sec&#8221; parallax_inner_pos=&#8221;cover&#8221; overlay_color=&#8221;#ffffff&#8221; parallax_inner_val=&#8221;translateY: &#8216;200px&#8217;&#8221; parallax_inner=&#8221;1969&#8243; el_id=&#8221;sec1&#8243;][vc_column][balkon_head_title title_text=&#8221;Projects&#8221; subtitle_text=&#8221;Anything you can imagine&#8221; scroll_icon=&#8221;&#8221;]The projects we create are oriented towards private or public green areas and other open spaces.[\/balkon_head_title][\/vc_column][\/vc_row][vc_row cth_layout=&#8221;balkon_page_sec&#8221; use_particle=&#8221;yes&#8221; particle_count=&#8221;200&#8243; particle_color=&#8221;#cccccc&#8221;][vc_column][vc_row_inner el_id=&#8221;sec2&#8243;][vc_column_inner offset=&#8221;vc_col-md-4&#8243;][balkon_section_title title_text=&#8221;Private gardens&#8221; subtitle_text=&#8221;A GARDEN IS A PROCESS, A PHILOSOPHY, A CHURCH, A PLACE FOR MEDITATION, A TEXTBOOK OF NATURAL PROCESSES [&hellip;]<\/p>\n","protected":false},"author":1,"featured_media":0,"parent":0,"menu_order":0,"comment_status":"closed","ping_status":"closed","template":"homepage.php","meta":{"footnotes":""},"class_list":["post-2981","page","type-page","status-publish","hentry"],"yoast_head":"<!-- This site is optimized with the Yoast SEO plugin v26.9 - https:\/\/yoast.com\/product\/yoast-seo-wordpress\/ -->\n<title>Projects - DUH - design and arrangement of green areas<\/title>\n<meta name=\"description\" content=\"Projects \u00b7 DUH \u00b7 Are you looking for designing and arranging green areas? \u00b7 info@dobriduh.hr \u00b7 091 444 0884 \u00b7 vl. Ana Juri\u0161i\u0107\" \/>\n<meta name=\"robots\" content=\"index, follow, max-snippet:-1, max-image-preview:large, max-video-preview:-1\" \/>\n<link rel=\"canonical\" href=\"https:\/\/dobriduh.hr\/en\/projects\/\" \/>\n<meta property=\"og:locale\" content=\"en_US\" \/>\n<meta property=\"og:type\" content=\"article\" \/>\n<meta property=\"og:title\" content=\"Projects - DUH - design and arrangement of green areas\" \/>\n<meta property=\"og:description\" content=\"Projects \u00b7 DUH \u00b7 Are you looking for designing and arranging green areas? \u00b7 info@dobriduh.hr \u00b7 091 444 0884 \u00b7 vl. Ana Juri\u0161i\u0107\" \/>\n<meta property=\"og:url\" content=\"https:\/\/dobriduh.hr\/en\/projects\/\" \/>\n<meta property=\"og:site_name\" content=\"Dobri duh\" \/>\n<meta property=\"article:modified_time\" content=\"2026-02-03T13:21:33+00:00\" \/>\n<meta name=\"twitter:card\" content=\"summary_large_image\" \/>\n<meta name=\"twitter:label1\" content=\"Est. reading time\" \/>\n\t<meta name=\"twitter:data1\" content=\"4 minutes\" \/>\n<script type=\"application\/ld+json\" class=\"yoast-schema-graph\">{\"@context\":\"https:\/\/schema.org\",\"@graph\":[{\"@type\":\"WebPage\",\"@id\":\"https:\/\/dobriduh.hr\/en\/projects\/\",\"url\":\"https:\/\/dobriduh.hr\/en\/projects\/\",\"name\":\"Projects - DUH - design and arrangement of green areas\",\"isPartOf\":{\"@id\":\"https:\/\/dobriduh.hr\/en\/#website\"},\"datePublished\":\"2021-09-17T12:35:47+00:00\",\"dateModified\":\"2026-02-03T13:21:33+00:00\",\"description\":\"Projects \u00b7 DUH \u00b7 Are you looking for designing and arranging green areas? \u00b7 info@dobriduh.hr \u00b7 091 444 0884 \u00b7 vl. Ana Juri\u0161i\u0107\",\"breadcrumb\":{\"@id\":\"https:\/\/dobriduh.hr\/en\/projects\/#breadcrumb\"},\"inLanguage\":\"en-US\",\"potentialAction\":[{\"@type\":\"ReadAction\",\"target\":[\"https:\/\/dobriduh.hr\/en\/projects\/\"]}]},{\"@type\":\"BreadcrumbList\",\"@id\":\"https:\/\/dobriduh.hr\/en\/projects\/#breadcrumb\",\"itemListElement\":[{\"@type\":\"ListItem\",\"position\":1,\"name\":\"Po\u010detna stranica\",\"item\":\"https:\/\/dobriduh.hr\/en\/home\/\"},{\"@type\":\"ListItem\",\"position\":2,\"name\":\"Projects\"}]},{\"@type\":\"WebSite\",\"@id\":\"https:\/\/dobriduh.hr\/en\/#website\",\"url\":\"https:\/\/dobriduh.hr\/en\/\",\"name\":\"Dizajn urbane hortikulture\",\"description\":\"Dizajn urbane hortikulture\",\"publisher\":{\"@id\":\"https:\/\/dobriduh.hr\/en\/#organization\"},\"potentialAction\":[{\"@type\":\"SearchAction\",\"target\":{\"@type\":\"EntryPoint\",\"urlTemplate\":\"https:\/\/dobriduh.hr\/en\/?s={search_term_string}\"},\"query-input\":{\"@type\":\"PropertyValueSpecification\",\"valueRequired\":true,\"valueName\":\"search_term_string\"}}],\"inLanguage\":\"en-US\"},{\"@type\":\"Organization\",\"@id\":\"https:\/\/dobriduh.hr\/en\/#organization\",\"name\":\"Dizajn urbane hortikulture\",\"url\":\"https:\/\/dobriduh.hr\/en\/\",\"logo\":{\"@type\":\"ImageObject\",\"inLanguage\":\"en-US\",\"@id\":\"https:\/\/dobriduh.hr\/en\/#\/schema\/logo\/image\/\",\"url\":\"https:\/\/dobriduh.hr\/wp-content\/uploads\/2021\/09\/duh-logo2.png\",\"contentUrl\":\"https:\/\/dobriduh.hr\/wp-content\/uploads\/2021\/09\/duh-logo2.png\",\"width\":431,\"height\":88,\"caption\":\"Dizajn urbane hortikulture\"},\"image\":{\"@id\":\"https:\/\/dobriduh.hr\/en\/#\/schema\/logo\/image\/\"},\"sameAs\":[\"https:\/\/www.instagram.com\/dizajn_urbane_hortikulture\/\"]}]}<\/script>\n<!-- \/ Yoast SEO plugin. -->","yoast_head_json":{"title":"Projects - DUH - design and arrangement of green areas","description":"Projects \u00b7 DUH \u00b7 Are you looking for designing and arranging green areas? \u00b7 info@dobriduh.hr \u00b7 091 444 0884 \u00b7 vl. Ana Juri\u0161i\u0107","robots":{"index":"index","follow":"follow","max-snippet":"max-snippet:-1","max-image-preview":"max-image-preview:large","max-video-preview":"max-video-preview:-1"},"canonical":"https:\/\/dobriduh.hr\/en\/projects\/","og_locale":"en_US","og_type":"article","og_title":"Projects - DUH - design and arrangement of green areas","og_description":"Projects \u00b7 DUH \u00b7 Are you looking for designing and arranging green areas? \u00b7 info@dobriduh.hr \u00b7 091 444 0884 \u00b7 vl. Ana Juri\u0161i\u0107","og_url":"https:\/\/dobriduh.hr\/en\/projects\/","og_site_name":"Dobri duh","article_modified_time":"2026-02-03T13:21:33+00:00","twitter_card":"summary_large_image","twitter_misc":{"Est. reading time":"4 minutes"},"schema":{"@context":"https:\/\/schema.org","@graph":[{"@type":"WebPage","@id":"https:\/\/dobriduh.hr\/en\/projects\/","url":"https:\/\/dobriduh.hr\/en\/projects\/","name":"Projects - DUH - design and arrangement of green areas","isPartOf":{"@id":"https:\/\/dobriduh.hr\/en\/#website"},"datePublished":"2021-09-17T12:35:47+00:00","dateModified":"2026-02-03T13:21:33+00:00","description":"Projects \u00b7 DUH \u00b7 Are you looking for designing and arranging green areas? \u00b7 info@dobriduh.hr \u00b7 091 444 0884 \u00b7 vl. Ana Juri\u0161i\u0107","breadcrumb":{"@id":"https:\/\/dobriduh.hr\/en\/projects\/#breadcrumb"},"inLanguage":"en-US","potentialAction":[{"@type":"ReadAction","target":["https:\/\/dobriduh.hr\/en\/projects\/"]}]},{"@type":"BreadcrumbList","@id":"https:\/\/dobriduh.hr\/en\/projects\/#breadcrumb","itemListElement":[{"@type":"ListItem","position":1,"name":"Po\u010detna stranica","item":"https:\/\/dobriduh.hr\/en\/home\/"},{"@type":"ListItem","position":2,"name":"Projects"}]},{"@type":"WebSite","@id":"https:\/\/dobriduh.hr\/en\/#website","url":"https:\/\/dobriduh.hr\/en\/","name":"Dizajn urbane hortikulture","description":"Dizajn urbane hortikulture","publisher":{"@id":"https:\/\/dobriduh.hr\/en\/#organization"},"potentialAction":[{"@type":"SearchAction","target":{"@type":"EntryPoint","urlTemplate":"https:\/\/dobriduh.hr\/en\/?s={search_term_string}"},"query-input":{"@type":"PropertyValueSpecification","valueRequired":true,"valueName":"search_term_string"}}],"inLanguage":"en-US"},{"@type":"Organization","@id":"https:\/\/dobriduh.hr\/en\/#organization","name":"Dizajn urbane hortikulture","url":"https:\/\/dobriduh.hr\/en\/","logo":{"@type":"ImageObject","inLanguage":"en-US","@id":"https:\/\/dobriduh.hr\/en\/#\/schema\/logo\/image\/","url":"https:\/\/dobriduh.hr\/wp-content\/uploads\/2021\/09\/duh-logo2.png","contentUrl":"https:\/\/dobriduh.hr\/wp-content\/uploads\/2021\/09\/duh-logo2.png","width":431,"height":88,"caption":"Dizajn urbane hortikulture"},"image":{"@id":"https:\/\/dobriduh.hr\/en\/#\/schema\/logo\/image\/"},"sameAs":["https:\/\/www.instagram.com\/dizajn_urbane_hortikulture\/"]}]}},"_links":{"self":[{"href":"https:\/\/dobriduh.hr\/en\/wp-json\/wp\/v2\/pages\/2981","targetHints":{"allow":["GET"]}}],"collection":[{"href":"https:\/\/dobriduh.hr\/en\/wp-json\/wp\/v2\/pages"}],"about":[{"href":"https:\/\/dobriduh.hr\/en\/wp-json\/wp\/v2\/types\/page"}],"author":[{"embeddable":true,"href":"https:\/\/dobriduh.hr\/en\/wp-json\/wp\/v2\/users\/1"}],"replies":[{"embeddable":true,"href":"https:\/\/dobriduh.hr\/en\/wp-json\/wp\/v2\/comments?post=2981"}],"version-history":[{"count":5,"href":"https:\/\/dobriduh.hr\/en\/wp-json\/wp\/v2\/pages\/2981\/revisions"}],"predecessor-version":[{"id":3147,"href":"https:\/\/dobriduh.hr\/en\/wp-json\/wp\/v2\/pages\/2981\/revisions\/3147"}],"wp:attachment":[{"href":"https:\/\/dobriduh.hr\/en\/wp-json\/wp\/v2\/media?parent=2981"}],"curies":[{"name":"wp","href":"https:\/\/api.w.org\/{rel}","templated":true}]}}